{"id":21,"date":"2024-11-30T11:11:52","date_gmt":"2024-11-30T09:11:52","guid":{"rendered":"https:\/\/sisaltotakomo.com\/?page_id=21"},"modified":"2025-01-10T10:58:00","modified_gmt":"2025-01-10T08:58:00","slug":"vapaasana","status":"publish","type":"page","link":"https:\/\/sisaltotakomo.com\/","title":{"rendered":"VapaaSana"},"content":{"rendered":"\t\t<div data-elementor-type=\"wp-page\" data-elementor-id=\"21\" class=\"elementor elementor-21\">\n\t\t\t\t<div class=\"elementor-element elementor-element-1dad6d6 e-flex e-con-boxed e-con e-parent\" data-id=\"1dad6d6\" data-element_type=\"container\" data-e-type=\"container\" data-settings=\"{&quot;background_background&quot;:&quot;classic&quot;,&quot;shape_divider_bottom&quot;:&quot;opacity-fan&quot;}\">\n\t\t\t\t\t<div class=\"e-con-inner\">\n\t\t\t\t<div class=\"elementor-shape elementor-shape-bottom\" aria-hidden=\"true\" data-negative=\"false\">\n\t\t\t<svg xmlns=\"http:\/\/www.w3.org\/2000\/svg\" viewBox=\"0 0 283.5 19.6\" preserveAspectRatio=\"none\">\n\t<path class=\"elementor-shape-fill\" style=\"opacity:0.33\" d=\"M0 0L0 18.8 141.8 4.1 283.5 18.8 283.5 0z\"\/>\n\t<path class=\"elementor-shape-fill\" style=\"opacity:0.33\" d=\"M0 0L0 12.6 141.8 4 283.5 12.6 283.5 0z\"\/>\n\t<path class=\"elementor-shape-fill\" style=\"opacity:0.33\" d=\"M0 0L0 6.4 141.8 4 283.5 6.4 283.5 0z\"\/>\n\t<path class=\"elementor-shape-fill\" d=\"M0 0L0 1.2 141.8 4 283.5 1.2 283.5 0z\"\/>\n<\/svg>\t\t<\/div>\n\t\t\t\t\t<\/div>\n\t\t\t\t<\/div>\n\t\t<div class=\"elementor-element elementor-element-a733e70 e-flex e-con-boxed e-con e-parent\" data-id=\"a733e70\" data-element_type=\"container\" data-e-type=\"container\" data-settings=\"{&quot;background_background&quot;:&quot;classic&quot;}\">\n\t\t\t\t\t<div class=\"e-con-inner\">\n\t\t<div class=\"elementor-element elementor-element-f60322b e-con-full e-flex e-con e-child\" data-id=\"f60322b\" data-element_type=\"container\" data-e-type=\"container\">\n\t\t\t\t<div class=\"elementor-element elementor-element-746e7b4 elementor-widget elementor-widget-heading\" data-id=\"746e7b4\" data-element_type=\"widget\" data-e-type=\"widget\" data-widget_type=\"heading.default\">\n\t\t\t\t<div class=\"elementor-widget-container\">\n\t\t\t\t\t<h2 class=\"elementor-heading-title elementor-size-default\">Bio<\/h2>\t\t\t\t<\/div>\n\t\t\t\t<\/div>\n\t\t\t\t<div class=\"elementor-element elementor-element-33fc49a elementor-widget__width-initial elementor-widget elementor-widget-text-editor\" data-id=\"33fc49a\" data-element_type=\"widget\" data-e-type=\"widget\" data-widget_type=\"text-editor.default\">\n\t\t\t\t<div class=\"elementor-widget-container\">\n\t\t\t\t\t\t\t\t\t<p><span style=\"font-weight: 400;\">Vapaa Sana on Keravalla<\/span> <span style=\"font-weight: 400;\">asuva spoken word artisti<em> Sanna Ruokonen.<\/em> Etel\u00e4karjalaiset juuret omaava artisti on toiminut <strong>tienraivaajana<\/strong> viedess\u00e4\u00e4n spoken word musiikkiaan ihmisten tietoisuuteen.<\/span><\/p><p><span style=\"font-weight: 400;\"><strong>Tiivist\u00e4 ja koskettavaa spoken word puhetta<\/strong> ja niihin s\u00e4velletty\u00e4 herkk\u00e4\u00e4 pianomusiikkia yhdist\u00e4v\u00e4 artisti on Suomessa viel\u00e4 uusi n\u00e4ky. Vapaa Sanaa<\/span> <span style=\"font-weight: 400;\">on kuultu mm Joensuun Parafesteilla ja Kynnys ry:n Dida festivaaleilla<\/span><span style=\"font-weight: 400;\">.<\/span><span style=\"font-weight: 400;\"> Vapaa Sanan kappaleet on s\u00e4velt\u00e4nyt <em>Heli Raami.<\/em><\/span><span style=\"font-weight: 400;\"><br \/><br \/><\/span><\/p><p><span style=\"font-weight: 400;\"><strong>Artisti vammautui<\/strong> lapsuudessa ja silloin puheen tuottaminen oli ty\u00f6n takana. Siit\u00e4 syyst\u00e4<\/span> <span style=\"font-weight: 400;\">puhuttu musiikki ja sanat ovat h\u00e4nelle t\u00e4rkeint\u00e4 maailmassa.<\/span><\/p><p><span style=\"font-weight: 400;\">Vapaa sana haluaa v\u00e4litt\u00e4\u00e4 ihmisille viesti\u00e4 el\u00e4m\u00e4n rikkonaisuudesta ja <strong>muutoksen mahdollisuudesta<\/strong>. H\u00e4n puhuu h\u00e4peilem\u00e4tt\u00f6m\u00e4n rehellisesti omasta keskener\u00e4isyydest\u00e4\u00e4n ja vammautumisesta.<\/span><\/p><p><span style=\"font-weight: 400;\">Vapaa Sanan puheessa ja koko esityksess\u00e4 on aina l\u00e4sn\u00e4 vahva tunnelataus, joka koukuttaa yleis\u00f6n kuuntelemaan. Keikoilta saatu palaute on ollut rohkaisevaa:<\/span><span style=\"font-weight: 400;\"><br \/><\/span><span style=\"font-weight: 400;\"><em>\u201cTulee ihon l\u00e4pi ja koskettaa.\u201d<\/em> <\/span><span style=\"font-weight: 400;\"><br \/><\/span><em><span style=\"font-weight: 400;\">\u201cHetken olimme kuin kuplassa hengitt\u00e4en samaa voimakasta tunnetta.\u201d<br \/><\/span><\/em><em><span style=\"font-weight: 400;\">\u201cVei ihan omaan sf\u00e4\u00e4riins\u00e4 ja meni syv\u00e4lle sieluun.\u201d<\/span><\/em><\/p><p><span style=\"font-weight: 400;\"><strong>Artisti tekee parhaillaan debyyttialbumia<\/strong> ja keikkailee. Keikat ovat t\u00e4ll\u00e4 hetkell\u00e4 ainoa paikka jossa h\u00e4nen biisej\u00e4\u00e4n p\u00e4\u00e4see kuulemaan.<\/span><\/p><p><span style=\"font-weight: 400;\"><br \/><\/span><span style=\"font-weight: 400;\">Sanna Ruokonen tekee sanoituksia my\u00f6s muille artisteille ja antaa sanoitusvalmennusta aloitteleville tekij\u00f6ille.<\/span><br style=\"font-weight: 400;\" \/><br \/><\/p>\t\t\t\t\t\t\t\t<\/div>\n\t\t\t\t<\/div>\n\t\t\t\t<\/div>\n\t\t<div class=\"elementor-element elementor-element-88cbffb e-con-full e-flex e-con e-child\" data-id=\"88cbffb\" data-element_type=\"container\" data-e-type=\"container\" data-settings=\"{&quot;background_background&quot;:&quot;classic&quot;}\">\n\t\t\t\t<div class=\"elementor-element elementor-element-621d2a2 elementor-widget elementor-widget-heading\" data-id=\"621d2a2\" data-element_type=\"widget\" data-e-type=\"widget\" data-widget_type=\"heading.default\">\n\t\t\t\t<div class=\"elementor-widget-container\">\n\t\t\t\t\t<h2 class=\"elementor-heading-title elementor-size-default\">Kommentteja keikoista<\/h2>\t\t\t\t<\/div>\n\t\t\t\t<\/div>\n\t\t\t\t<div class=\"elementor-element elementor-element-1822edc elementor-widget elementor-widget-heading\" data-id=\"1822edc\" data-element_type=\"widget\" data-e-type=\"widget\" data-widget_type=\"heading.default\">\n\t\t\t\t<div class=\"elementor-widget-container\">\n\t\t\t\t\t<h2 class=\"elementor-heading-title elementor-size-default\">\u201cTulee ihon l\u00e4pi ja koskettaa\u201d<\/h2>\t\t\t\t<\/div>\n\t\t\t\t<\/div>\n\t\t\t\t<div class=\"elementor-element elementor-element-810eeb0 elementor-widget elementor-widget-heading\" data-id=\"810eeb0\" data-element_type=\"widget\" data-e-type=\"widget\" data-widget_type=\"heading.default\">\n\t\t\t\t<div class=\"elementor-widget-container\">\n\t\t\t\t\t<h2 class=\"elementor-heading-title elementor-size-default\">\u201cHetken olimme kuin kuplassa hengitt\u00e4en samaa voimakasta tunnetta\u201d<\/h2>\t\t\t\t<\/div>\n\t\t\t\t<\/div>\n\t\t\t\t<div class=\"elementor-element elementor-element-30b54cf elementor-widget elementor-widget-heading\" data-id=\"30b54cf\" data-element_type=\"widget\" data-e-type=\"widget\" data-widget_type=\"heading.default\">\n\t\t\t\t<div class=\"elementor-widget-container\">\n\t\t\t\t\t<h2 class=\"elementor-heading-title elementor-size-default\">\"Vei ihan omaan sf\u00e4\u00e4riins\u00e4 ja meni syv\u00e4lle sieluun. Kaunista ja vaikuttavaa\"<\/h2>\t\t\t\t<\/div>\n\t\t\t\t<\/div>\n\t\t\t\t<\/div>\n\t\t\t\t\t<\/div>\n\t\t\t\t<\/div>\n\t\t<div class=\"elementor-element elementor-element-b9fd8ff e-flex e-con-boxed e-con e-parent\" data-id=\"b9fd8ff\" data-element_type=\"container\" data-e-type=\"container\">\n\t\t\t\t\t<div class=\"e-con-inner\">\n\t\t\t\t<div class=\"elementor-element elementor-element-3bd6d2a elementor-widget elementor-widget-video\" data-id=\"3bd6d2a\" data-element_type=\"widget\" data-e-type=\"widget\" data-settings=\"{&quot;youtube_url&quot;:&quot;https:\\\/\\\/youtu.be\\\/-eCFHmppCfs?feature=shared&quot;,&quot;mute&quot;:&quot;yes&quot;,&quot;yt_privacy&quot;:&quot;yes&quot;,&quot;lazy_load&quot;:&quot;yes&quot;,&quot;video_type&quot;:&quot;youtube&quot;,&quot;controls&quot;:&quot;yes&quot;}\" data-widget_type=\"video.default\">\n\t\t\t\t<div class=\"elementor-widget-container\">\n\t\t\t\t\t\t\t<div class=\"elementor-wrapper elementor-open-inline\">\n\t\t\t<div class=\"elementor-video\"><\/div>\t\t<\/div>\n\t\t\t\t\t\t<\/div>\n\t\t\t\t<\/div>\n\t\t\t\t\t<\/div>\n\t\t\t\t<\/div>\n\t\t<div class=\"elementor-element elementor-element-f0c0cd7 e-flex e-con-boxed e-con e-parent\" data-id=\"f0c0cd7\" data-element_type=\"container\" data-e-type=\"container\">\n\t\t\t\t\t<div class=\"e-con-inner\">\n\t\t\t\t<div class=\"elementor-element elementor-element-68867ef elementor-widget__width-initial elementor-widget elementor-widget-heading\" data-id=\"68867ef\" data-element_type=\"widget\" data-e-type=\"widget\" data-widget_type=\"heading.default\">\n\t\t\t\t<div class=\"elementor-widget-container\">\n\t\t\t\t\t<h2 class=\"elementor-heading-title elementor-size-default\">Yhteys ja somet<\/h2>\t\t\t\t<\/div>\n\t\t\t\t<\/div>\n\t\t\t\t<div class=\"elementor-element elementor-element-8436013 elementor-widget elementor-widget-text-editor\" data-id=\"8436013\" data-element_type=\"widget\" data-e-type=\"widget\" data-widget_type=\"text-editor.default\">\n\t\t\t\t<div class=\"elementor-widget-container\">\n\t\t\t\t\t\t\t\t\t<p>vapaasanamusiikki(at)gmail.com<\/p><p><strong>Instagram &amp; Facebook: <br \/><\/strong><a href=\"https:\/\/www.instagram.com\/vapaasana.musiikki\/\" target=\"_blank\" rel=\"noopener\">vapaasana.musiikki<\/a><br \/><strong>Youtube:<br \/><\/strong><a href=\"https:\/\/www.youtube.com\/@vapaasana.poetry\" target=\"_blank\" rel=\"noopener\">vapaasana.poetry<\/a><\/p>\t\t\t\t\t\t\t\t<\/div>\n\t\t\t\t<\/div>\n\t\t\t\t\t<\/div>\n\t\t\t\t<\/div>\n\t\t\t\t<\/div>\n\t\t","protected":false},"excerpt":{"rendered":"<p>Bio Vapaa Sana on Keravalla asuva spoken word artisti Sanna Ruokonen. Etel\u00e4karjalaiset juuret omaava artisti on toiminut tienraivaajana viedess\u00e4\u00e4n spoken word musiikkiaan ihmisten tietoisuuteen. Tiivist\u00e4 ja koskettavaa spoken word puhetta ja niihin s\u00e4velletty\u00e4 herkk\u00e4\u00e4 pianomusiikkia yhdist\u00e4v\u00e4 artisti on Suomessa viel\u00e4 uusi n\u00e4ky. Vapaa Sanaa on kuultu mm Joensuun Parafesteilla ja Kynnys ry:n Dida festivaaleilla. Vapaa [&hellip;]<\/p>\n","protected":false},"author":1,"featured_media":0,"parent":0,"menu_order":0,"comment_status":"closed","ping_status":"closed","template":"elementor_canvas","meta":{"footnotes":""},"class_list":["post-21","page","type-page","status-publish","hentry"],"_links":{"self":[{"href":"https:\/\/sisaltotakomo.com\/index.php\/wp-json\/wp\/v2\/pages\/21","targetHints":{"allow":["GET"]}}],"collection":[{"href":"https:\/\/sisaltotakomo.com\/index.php\/wp-json\/wp\/v2\/pages"}],"about":[{"href":"https:\/\/sisaltotakomo.com\/index.php\/wp-json\/wp\/v2\/types\/page"}],"author":[{"embeddable":true,"href":"https:\/\/sisaltotakomo.com\/index.php\/wp-json\/wp\/v2\/users\/1"}],"replies":[{"embeddable":true,"href":"https:\/\/sisaltotakomo.com\/index.php\/wp-json\/wp\/v2\/comments?post=21"}],"version-history":[{"count":46,"href":"https:\/\/sisaltotakomo.com\/index.php\/wp-json\/wp\/v2\/pages\/21\/revisions"}],"predecessor-version":[{"id":81,"href":"https:\/\/sisaltotakomo.com\/index.php\/wp-json\/wp\/v2\/pages\/21\/revisions\/81"}],"wp:attachment":[{"href":"https:\/\/sisaltotakomo.com\/index.php\/wp-json\/wp\/v2\/media?parent=21"}],"curies":[{"name":"wp","href":"https:\/\/api.w.org\/{rel}","templated":true}]}}